{"id":38,"date":"2018-10-16T12:12:38","date_gmt":"2018-10-16T12:12:38","guid":{"rendered":"https:\/\/pimatico.com\/?page_id=38"},"modified":"2019-05-19T10:44:22","modified_gmt":"2019-05-19T08:44:22","slug":"o-nama","status":"publish","type":"page","link":"https:\/\/pimatico.com\/hr\/o-nama\/","title":{"rendered":"O nama"},"content":{"rendered":"\n<p>Pimatico je svoje poslovno putovanje pokrenuo kao startup projekat koji je pokrenut 2016 godine.&nbsp; Projekat je inicijalno bio zami\u0161ljen kao softversko rje\u0161enje koje rje\u0161ava problem sigurne udaljene signalizacije na ure\u0111ajima drugih proizvo\u0111a\u010da.<\/p>\n<p>2017 godine, u\u0161li smo u startup akcelerator <a href=\"https:\/\/spark.ba\/\">SPARK<\/a> iz Mostara, gdje smo dobili resurse potrebne za razvoj prototipa vlastitih ure\u0111aja. Nedugo nakon ulaska u akceleracijski program SPARK-a i razvoja prvog hardverskog prototipa, dobili smo i svoju prvu investiciju od tvrtke&nbsp;<a href=\"http:\/\/www.mandeks.ba\/\">Mandeks d.o.o.<\/a>.<\/p>\n<p>Rezultat te investicije jeste otvaranje tvrtke Pimatico d.o.o. sa sjedi\u0161tem u Prozoru 2017 godine. Dosada\u0161nji fokus rada na\u0161e tvrtke jeste na razvoju novih i inovativnih hardverskih i softverskih rje\u0161enja za na\u0161e investitore i klijente.<\/p>\n<table style=\"width: 100%;\">\n<tbody>\n<tr>\n<td style=\"width: 50%; text-align: center;\"><img loading=\"lazy\" class=\"size-medium wp-image-339 aligncenter\" src=\"https:\/\/pimatico.com\/wp-content\/uploads\/2018\/11\/mandeks_shift_mostar_vizualni_identitet_1-300x167.png\" alt=\"\" width=\"300\" height=\"167\" srcset=\"https:\/\/pimatico.com\/wp-content\/uploads\/2018\/11\/mandeks_shift_mostar_vizualni_identitet_1-300x167.png 300w, https:\/\/pimatico.com\/wp-content\/uploads\/2018\/11\/mandeks_shift_mostar_vizualni_identitet_1.png 756w\" sizes=\"(max-width: 300px) 100vw, 300px\" \/><\/td>\n<td style=\"width: 50%; text-align: center;\"><img loading=\"lazy\" class=\"size-medium wp-image-327\" src=\"https:\/\/pimatico.com\/wp-content\/uploads\/2018\/11\/unnamed-300x95.png\" alt=\"\" width=\"300\" height=\"95\" srcset=\"https:\/\/pimatico.com\/wp-content\/uploads\/2018\/11\/unnamed-300x95.png 300w, https:\/\/pimatico.com\/wp-content\/uploads\/2018\/11\/unnamed-768x242.png 768w, https:\/\/pimatico.com\/wp-content\/uploads\/2018\/11\/unnamed-1024x323.png 1024w, https:\/\/pimatico.com\/wp-content\/uploads\/2018\/11\/unnamed.png 1100w\" sizes=\"(max-width: 300px) 100vw, 300px\" \/><\/td>\n<\/tr>\n<\/tbody>\n<\/table>\n<p>&nbsp;<\/p>\n<p>Polovicom 2019 godine, od strane <a href=\"https:\/\/www.koncar-institut.hr\/hr\/\">Kon\u010dar instituta za elektrotehniku<\/a> u Zagrebu, o\u010dekujemo finaliziranje zahtjevnog CE certifikata za prvih 10 ure\u0111aja namijenjenih automatizaciji elektri\u010dnih instalacija.<\/p>\n<table style=\"width: 100%;\">\n<tbody>\n<tr>\n<td style=\"width: 50%; text-align: center;\"><img loading=\"lazy\" class=\"aligncenter wp-image-342\" src=\"https:\/\/pimatico.com\/wp-content\/uploads\/2018\/11\/220px-Conformite\u0301_Europe\u0301enne_logo.svg_.png\" alt=\"\" width=\"150\" height=\"107\"><\/td>\n<td style=\"width: 50%; text-align: center;\"><img loading=\"lazy\" class=\"size-medium wp-image-321 aligncenter\" src=\"https:\/\/pimatico.com\/wp-content\/uploads\/2018\/11\/koncar-institut-za-elektrotehniku-logo-20141002091926485-300x168.jpg\" alt=\"\" width=\"300\" height=\"168\" srcset=\"https:\/\/pimatico.com\/wp-content\/uploads\/2018\/11\/koncar-institut-za-elektrotehniku-logo-20141002091926485-300x168.jpg 300w, https:\/\/pimatico.com\/wp-content\/uploads\/2018\/11\/koncar-institut-za-elektrotehniku-logo-20141002091926485.jpg 715w\" sizes=\"(max-width: 300px) 100vw, 300px\" \/><\/td>\n<\/tr>\n<\/tbody>\n<\/table>\n<p>Osim razvoja ure\u0111aja, rezultat na\u0161eg dosada\u0161njeg rada jest skup gotovih softverskih rje\u0161enja koje nudimo na\u0161im poslovnim partnerima i distributerima. Svakako istra\u017eite na\u0161e <a href=\"https:\/\/pimatico.com\/hr\/business\/pimatico_products\/\">proizvode<\/a> i na\u0161a <a href=\"https:\/\/pimatico.com\/hr\/business\/solutions\/\">rje\u0161enja&nbsp;<\/a>koja su primarno namijenjena poslovnim korisnicima i njihovim klijentima.<\/p>\n<p>Kao tehnolo\u0161ki startup, na\u0161 cilj jest da se isti\u010demo inovativno\u0161\u0107u i kvalitetnom na\u0161ih rje\u0161enja koja nadma\u0161uju ili barem mogu i\u0107i uz bok svjetski poznatoj i renomiranoj konkurenciji.<\/p>\n","protected":false},"excerpt":{"rendered":"<p>Pimatico je svoje poslovno putovanje pokrenuo kao startup projekat koji je pokrenut 2016 godine.&nbsp; Projekat je inicijalno bio zami\u0161ljen kao softversko rje\u0161enje koje rje\u0161ava problem sigurne udaljene signalizacije na ure\u0111ajima drugih proizvo\u0111a\u010da. 2017 godine, u\u0161li smo u startup akcelerator SPARK iz Mostara, gdje smo dobili resurse potrebne za razvoj prototipa vlastitih ure\u0111aja. Nedugo nakon ulaska &hellip; <a href=\"https:\/\/pimatico.com\/hr\/o-nama\/\">Continued<\/a><\/p>\n","protected":false},"author":4,"featured_media":0,"parent":0,"menu_order":0,"comment_status":"closed","ping_status":"closed","template":"","meta":{"_locale":"hr","_original_post":"21"},"yoast_head":"<!-- This site is optimized with the Yoast SEO plugin v14.9 - https:\/\/yoast.com\/wordpress\/plugins\/seo\/ -->\n<title>O nama - PIMATICO<\/title>\n<meta name=\"robots\" content=\"index, follow, max-snippet:-1, max-image-preview:large, max-video-preview:-1\" \/>\n<link rel=\"canonical\" href=\"https:\/\/pimatico.com\/hr\/o-nama\/\" \/>\n<meta property=\"og:locale\" content=\"hr_HR\" \/>\n<meta property=\"og:type\" content=\"article\" \/>\n<meta property=\"og:title\" content=\"O nama - PIMATICO\" \/>\n<meta property=\"og:description\" content=\"Pimatico je svoje poslovno putovanje pokrenuo kao startup projekat koji je pokrenut 2016 godine.&nbsp; Projekat je inicijalno bio zami\u0161ljen kao softversko rje\u0161enje koje rje\u0161ava problem sigurne udaljene signalizacije na ure\u0111ajima drugih proizvo\u0111a\u010da. 2017 godine, u\u0161li smo u startup akcelerator SPARK iz Mostara, gdje smo dobili resurse potrebne za razvoj prototipa vlastitih ure\u0111aja. Nedugo nakon ulaska &hellip; Continued\" \/>\n<meta property=\"og:url\" content=\"https:\/\/pimatico.com\/hr\/o-nama\/\" \/>\n<meta property=\"og:site_name\" content=\"PIMATICO\" \/>\n<meta property=\"article:publisher\" content=\"https:\/\/www.facebook.com\/pimatico\/\" \/>\n<meta property=\"article:modified_time\" content=\"2019-05-19T08:44:22+00:00\" \/>\n<meta property=\"og:image\" content=\"https:\/\/pimatico.com\/wp-content\/uploads\/2018\/11\/mandeks_shift_mostar_vizualni_identitet_1-300x167.png\" \/>\n<meta property=\"fb:app_id\" content=\"442494259841730\" \/>\n<meta name=\"twitter:card\" content=\"summary_large_image\" \/>\n<meta name=\"twitter:creator\" content=\"@pimatico\" \/>\n<meta name=\"twitter:site\" content=\"@pimatico\" \/>\n<script type=\"application\/ld+json\" class=\"yoast-schema-graph\">{\"@context\":\"https:\/\/schema.org\",\"@graph\":[{\"@type\":\"Organization\",\"@id\":\"https:\/\/pimatico.com\/#organization\",\"name\":\"PIMATICO\",\"url\":\"https:\/\/pimatico.com\/\",\"sameAs\":[\"https:\/\/www.facebook.com\/pimatico\/\",\"https:\/\/instagram.com\/pimatico\",\"https:\/\/twitter.com\/pimatico\"],\"logo\":{\"@type\":\"ImageObject\",\"@id\":\"https:\/\/pimatico.com\/#logo\",\"inLanguage\":\"hr\",\"url\":\"https:\/\/pimatico.com\/wp-content\/uploads\/2018\/07\/pimatico_logo_blue_large.png\",\"width\":2301,\"height\":296,\"caption\":\"PIMATICO\"},\"image\":{\"@id\":\"https:\/\/pimatico.com\/#logo\"}},{\"@type\":\"WebSite\",\"@id\":\"https:\/\/pimatico.com\/#website\",\"url\":\"https:\/\/pimatico.com\/\",\"name\":\"PIMATICO\",\"description\":\"\",\"publisher\":{\"@id\":\"https:\/\/pimatico.com\/#organization\"},\"potentialAction\":[{\"@type\":\"SearchAction\",\"target\":\"https:\/\/pimatico.com\/?s={search_term_string}\",\"query-input\":\"required name=search_term_string\"}],\"inLanguage\":\"hr\"},{\"@type\":\"ImageObject\",\"@id\":\"https:\/\/pimatico.com\/hr\/o-nama\/#primaryimage\",\"inLanguage\":\"hr\",\"url\":\"https:\/\/pimatico.com\/wp-content\/uploads\/2018\/11\/mandeks_shift_mostar_vizualni_identitet_1.png\",\"width\":756,\"height\":420},{\"@type\":\"WebPage\",\"@id\":\"https:\/\/pimatico.com\/hr\/o-nama\/#webpage\",\"url\":\"https:\/\/pimatico.com\/hr\/o-nama\/\",\"name\":\"O nama - PIMATICO\",\"isPartOf\":{\"@id\":\"https:\/\/pimatico.com\/#website\"},\"primaryImageOfPage\":{\"@id\":\"https:\/\/pimatico.com\/hr\/o-nama\/#primaryimage\"},\"datePublished\":\"2018-10-16T12:12:38+00:00\",\"dateModified\":\"2019-05-19T08:44:22+00:00\",\"inLanguage\":\"hr\",\"potentialAction\":[{\"@type\":\"ReadAction\",\"target\":[\"https:\/\/pimatico.com\/hr\/o-nama\/\"]}]}]}<\/script>\n<!-- \/ Yoast SEO plugin. -->","_links":{"self":[{"href":"https:\/\/pimatico.com\/wp-json\/wp\/v2\/pages\/38"}],"collection":[{"href":"https:\/\/pimatico.com\/wp-json\/wp\/v2\/pages"}],"about":[{"href":"https:\/\/pimatico.com\/wp-json\/wp\/v2\/types\/page"}],"author":[{"embeddable":true,"href":"https:\/\/pimatico.com\/wp-json\/wp\/v2\/users\/4"}],"replies":[{"embeddable":true,"href":"https:\/\/pimatico.com\/wp-json\/wp\/v2\/comments?post=38"}],"version-history":[{"count":43,"href":"https:\/\/pimatico.com\/wp-json\/wp\/v2\/pages\/38\/revisions"}],"predecessor-version":[{"id":1472,"href":"https:\/\/pimatico.com\/wp-json\/wp\/v2\/pages\/38\/revisions\/1472"}],"wp:attachment":[{"href":"https:\/\/pimatico.com\/wp-json\/wp\/v2\/media?parent=38"}],"curies":[{"name":"wp","href":"https:\/\/api.w.org\/{rel}","templated":true}]}}