{"id":40,"date":"2018-10-15T11:15:38","date_gmt":"2018-10-15T09:15:38","guid":{"rendered":"https:\/\/pimatico.com\/?page_id=40"},"modified":"2019-05-20T10:52:36","modified_gmt":"2019-05-20T08:52:36","slug":"home","status":"publish","type":"page","link":"https:\/\/pimatico.com\/","title":{"rendered":"Naslovna"},"content":{"rendered":"","protected":false},"excerpt":{"rendered":"","protected":false},"author":4,"featured_media":1434,"parent":0,"menu_order":0,"comment_status":"closed","ping_status":"closed","template":"views\/template-business.blade.php","meta":{"_locale":"hr","_original_post":"15"},"yoast_head":"<!-- This site is optimized with the Yoast SEO plugin v14.9 - https:\/\/yoast.com\/wordpress\/plugins\/seo\/ -->\n<title>Naslovna - PIMATICO<\/title>\n<meta name=\"description\" content=\"Mi pravimo aplikacije i ure\u0111aje namijenjene elektri\u010dnim razvodnim ormarima. \u010cinimo ih pametnima.\" \/>\n<meta name=\"robots\" content=\"index, follow, max-snippet:-1, max-image-preview:large, max-video-preview:-1\" \/>\n<link rel=\"canonical\" href=\"https:\/\/pimatico.com\/hr\/\" \/>\n<meta property=\"og:locale\" content=\"hr_HR\" \/>\n<meta property=\"og:type\" content=\"article\" \/>\n<meta property=\"og:title\" content=\"Naslovna - PIMATICO\" \/>\n<meta property=\"og:description\" content=\"Mi pravimo aplikacije i ure\u0111aje namijenjene elektri\u010dnim razvodnim ormarima. \u010cinimo ih pametnima.\" \/>\n<meta property=\"og:url\" content=\"https:\/\/pimatico.com\/hr\/\" \/>\n<meta property=\"og:site_name\" content=\"PIMATICO\" \/>\n<meta property=\"article:publisher\" content=\"https:\/\/www.facebook.com\/pimatico\/\" \/>\n<meta property=\"article:modified_time\" content=\"2019-05-20T08:52:36+00:00\" \/>\n<meta property=\"og:image\" content=\"https:\/\/pimatico.com\/wp-content\/uploads\/2019\/05\/pimatico-fb.jpg\" \/>\n\t<meta property=\"og:image:width\" content=\"1200\" \/>\n\t<meta property=\"og:image:height\" content=\"630\" \/>\n<meta property=\"fb:app_id\" content=\"442494259841730\" \/>\n<meta name=\"twitter:card\" content=\"summary_large_image\" \/>\n<meta name=\"twitter:creator\" content=\"@pimatico\" \/>\n<meta name=\"twitter:site\" content=\"@pimatico\" \/>\n<script type=\"application\/ld+json\" class=\"yoast-schema-graph\">{\"@context\":\"https:\/\/schema.org\",\"@graph\":[{\"@type\":\"Organization\",\"@id\":\"https:\/\/pimatico.com\/#organization\",\"name\":\"PIMATICO\",\"url\":\"https:\/\/pimatico.com\/\",\"sameAs\":[\"https:\/\/www.facebook.com\/pimatico\/\",\"https:\/\/instagram.com\/pimatico\",\"https:\/\/twitter.com\/pimatico\"],\"logo\":{\"@type\":\"ImageObject\",\"@id\":\"https:\/\/pimatico.com\/#logo\",\"inLanguage\":\"hr\",\"url\":\"https:\/\/pimatico.com\/wp-content\/uploads\/2018\/07\/pimatico_logo_blue_large.png\",\"width\":2301,\"height\":296,\"caption\":\"PIMATICO\"},\"image\":{\"@id\":\"https:\/\/pimatico.com\/#logo\"}},{\"@type\":\"WebSite\",\"@id\":\"https:\/\/pimatico.com\/#website\",\"url\":\"https:\/\/pimatico.com\/\",\"name\":\"PIMATICO\",\"description\":\"\",\"publisher\":{\"@id\":\"https:\/\/pimatico.com\/#organization\"},\"potentialAction\":[{\"@type\":\"SearchAction\",\"target\":\"https:\/\/pimatico.com\/?s={search_term_string}\",\"query-input\":\"required name=search_term_string\"}],\"inLanguage\":\"hr\"},{\"@type\":\"ImageObject\",\"@id\":\"https:\/\/pimatico.com\/hr\/#primaryimage\",\"inLanguage\":\"hr\",\"url\":\"https:\/\/pimatico.com\/wp-content\/uploads\/2019\/05\/pimatico-fb.jpg\",\"width\":1200,\"height\":630},{\"@type\":\"WebPage\",\"@id\":\"https:\/\/pimatico.com\/hr\/#webpage\",\"url\":\"https:\/\/pimatico.com\/hr\/\",\"name\":\"Naslovna - PIMATICO\",\"isPartOf\":{\"@id\":\"https:\/\/pimatico.com\/#website\"},\"primaryImageOfPage\":{\"@id\":\"https:\/\/pimatico.com\/hr\/#primaryimage\"},\"datePublished\":\"2018-10-15T09:15:38+00:00\",\"dateModified\":\"2019-05-20T08:52:36+00:00\",\"description\":\"Mi pravimo aplikacije i ure\\u0111aje namijenjene elektri\\u010dnim razvodnim ormarima. \\u010cinimo ih pametnima.\",\"inLanguage\":\"hr\",\"potentialAction\":[{\"@type\":\"ReadAction\",\"target\":[\"https:\/\/pimatico.com\/hr\/\"]}]}]}<\/script>\n<!-- \/ Yoast SEO plugin. -->","_links":{"self":[{"href":"https:\/\/pimatico.com\/wp-json\/wp\/v2\/pages\/40"}],"collection":[{"href":"https:\/\/pimatico.com\/wp-json\/wp\/v2\/pages"}],"about":[{"href":"https:\/\/pimatico.com\/wp-json\/wp\/v2\/types\/page"}],"author":[{"embeddable":true,"href":"https:\/\/pimatico.com\/wp-json\/wp\/v2\/users\/4"}],"replies":[{"embeddable":true,"href":"https:\/\/pimatico.com\/wp-json\/wp\/v2\/comments?post=40"}],"version-history":[{"count":4,"href":"https:\/\/pimatico.com\/wp-json\/wp\/v2\/pages\/40\/revisions"}],"predecessor-version":[{"id":1443,"href":"https:\/\/pimatico.com\/wp-json\/wp\/v2\/pages\/40\/revisions\/1443"}],"wp:featuredmedia":[{"embeddable":true,"href":"https:\/\/pimatico.com\/wp-json\/wp\/v2\/media\/1434"}],"wp:attachment":[{"href":"https:\/\/pimatico.com\/wp-json\/wp\/v2\/media?parent=40"}],"curies":[{"name":"wp","href":"https:\/\/api.w.org\/{rel}","templated":true}]}}